{"id":60,"date":"2025-07-19T14:10:54","date_gmt":"2025-07-19T12:10:54","guid":{"rendered":"https:\/\/focihirek.hu\/autok\/?page_id=60"},"modified":"2025-07-19T14:10:54","modified_gmt":"2025-07-19T12:10:54","slug":"cookie-tajekoztato","status":"publish","type":"page","link":"https:\/\/focihirek.hu\/autok\/cookie-tajekoztato\/","title":{"rendered":"Cookie t\u00e1j\u00e9koztat\u00f3"},"content":{"rendered":"<h3>Mir\u0151l sz\u00f3l ez a T\u00e1j\u00e9koztat\u00f3?<br \/>\nMint minden weboldal, a https:\/\/focihirek.hu\/autok is haszn\u00e1l cookie-kat (a tov\u00e1bbiakban: \u201eWeboldal\u201d), hogy \u00d6nnek kellemesebb felhaszn\u00e1l\u00f3i \u00e9lm\u00e9nyben legyen r\u00e9sze, amikor a Weboldalunkon j\u00e1r. Mivel nagyon fontosnak tartjuk, hogy \u00d6n biztons\u00e1gban tudhassa n\u00e1lunk az adatait, ez\u00e9rt ebben a T\u00e1j\u00e9koztat\u00f3ban bemutatjuk, hogy pontosan milyen cookie-kat, milyen c\u00e9lb\u00f3l, milyen felt\u00e9telek mellett \u00e9s mennyi ideig kezel\u00fcnk.<\/h3>\n<h3>Mik is azok a cookie-k?<br \/>\nA cookie egy inform\u00e1ci\u00f3csomag, amelyet a szerver k\u00fcld a b\u00f6ng\u00e9sz\u0151nek, majd a b\u00f6ng\u00e9sz\u0151 visszak\u00fcld a szervernek minden, a szerver fel\u00e9 ir\u00e1ny\u00edtott k\u00e9r\u00e9s alkalm\u00e1val. A cookie-kat maga a web szerver hozza l\u00e9tre a b\u00f6ng\u00e9sz\u0151 seg\u00edts\u00e9g\u00e9vel a felhaszn\u00e1l\u00f3 g\u00e9p\u00e9n, vagy mobil eszk\u00f6z\u00e9n ahol azok egy elk\u00fcl\u00f6n\u00edtett k\u00f6nyvt\u00e1rban ker\u00fclnek t\u00e1rol\u00e1sra. Ez\u00e1ltal a cookie-k lehet\u0151v\u00e9 teszik a weboldal sz\u00e1m\u00e1ra, hogy felismerje, amennyiben a felhaszn\u00e1l\u00f3 kor\u00e1bban azt m\u00e1r megl\u00e1togatta.<\/h3>\n<h3>A cookie-k fajt\u00e1i<br \/>\nWeboldalunkon session (\u201emunkamenet cookie-kat\u201d) \u00e9s \u201epersistent\u201d (\u201e\u00e1lland\u00f3 cookie-kat\u201d) s\u00fctiket is haszn\u00e1lunk.<\/h3>\n<h3>Az alkalmazott cookie-k t\u00edpusai:<br \/>\n1. \u201eTechnikailag sz\u00fcks\u00e9ges\u201d cookie-k<br \/>\nEzek n\u00e9lk\u00fcl weboldalaink nem tudnak m\u0171k\u00f6dni, ez\u00e9rt ezeket mindenk\u00e9ppen t\u00e1rolnunk kell. Ezek a k\u00f6vetkez\u0151k:<\/h3>\n<h3>1.1. a felhaszn\u00e1l\u00f3 \u00e1ltal r\u00f6gz\u00edtett adatokat t\u00e1rol\u00f3 cookie-k (\u201euser-input cookies\u201d),<br \/>\nEzek azok a munkamenet-s\u00fctik, amelyeket arra haszn\u00e1lunk, hogy a felhaszn\u00e1l\u00f3 adatbeviteleit biztos\u00edtsuk a szolg\u00e1ltat\u00f3val t\u00f6rt\u00e9n\u0151 \u00fczenetv\u00e1lt\u00e1sok sor\u00e1n. Munkamenet-azonos\u00edt\u00f3ra (egy v\u00e9letlenszer\u0171 ideiglenes azonos\u00edt\u00f3sz\u00e1mra) \u00e9p\u00fclnek, \u00e9s legk\u00e9s\u0151bb a munkamenet v\u00e9g\u00e9n (a b\u00f6ng\u00e9sz\u0151programb\u00f3l t\u00f6rt\u00e9n\u0151 kil\u00e9p\u00e9skor) lej\u00e1rnak.<\/h3>\n<h3>Ezek a cookie-k felhaszn\u00e1l\u00f3 tev\u00e9kenys\u00e9g\u00e9hez (\u00edgy pl.: valamilyen gombra val\u00f3 kattint\u00e1shoz vagy formanyomtatv\u00e1ny kit\u00f6lt\u00e9s\u00e9hez) k\u00f6t\u0151dnek, egy\u00e9rtelm\u0171en sz\u00fcks\u00e9gesek a felhaszn\u00e1l\u00f3 \u00e1ltal kifejezetten k\u00e9rt internetes szolg\u00e1ltat\u00e1s ny\u00fajt\u00e1s\u00e1hoz.<\/h3>\n<h3>1.2. hiteles\u00edt\u00e9si munkamenet- cookie-k (\u201eauthentication cookies\u201d),<br \/>\nA hiteles\u00edt\u00e9si cookie-k arra szolg\u00e1lnak, hogy bejelentkez\u00e9skor azonos\u00edts\u00e1k a felhaszn\u00e1l\u00f3t. Ezek a s\u00fctik ahhoz sz\u00fcks\u00e9gesek, hogy a felhaszn\u00e1l\u00f3k azonos\u00edthass\u00e1k magukat a weboldalon tett sorozatos l\u00e1togat\u00e1saik sor\u00e1n, \u00e9s hozz\u00e1f\u00e9r\u00e9st kaphassanak az enged\u00e9lyezett tartalomhoz, \u00edgy p\u00e9ld\u00e1ul megn\u00e9zess\u00e9k a sz\u00e1mlaegyenleg\u00fcket, \u00fcgyleteiket, stb. A hiteles\u00edt\u00e9si cookie-k \u00e1ltal\u00e1ban munkamenet- cookie-k. Tart\u00f3s s\u00fctik is alkalmazhat\u00f3k, de ezek nem tekinthet\u0151k azonosnak, amint azt al\u00e1bb kifejtj\u00fck. Amikor egy felhaszn\u00e1l\u00f3 bejelentkezik, kifejezetten hozz\u00e1f\u00e9r\u00e9st k\u00e9r a sz\u00e1m\u00e1ra enged\u00e9lyezett tartalomhoz vagy szolg\u00e1ltat\u00e1shoz. A s\u00fctin t\u00e1rolt hiteles\u00edt\u00e9si token hi\u00e1ny\u00e1ban a felhaszn\u00e1l\u00f3nak minden lek\u00e9rt oldalon meg kellene adnia a felhaszn\u00e1l\u00f3nev\u00e9t\/jelszav\u00e1t. Ez\u00e9rt a hiteles\u00edt\u00e9si szolg\u00e1ltat\u00e1s l\u00e9nyeges r\u00e9sz\u00e9t k\u00e9pezi az \u00e1ltala kifejezetten k\u00e9rt inform\u00e1ci\u00f3s t\u00e1rsadalommal \u00f6sszef\u00fcgg\u0151 szolg\u00e1ltat\u00e1snak. A hiteles\u00edt\u00e9st nem haszn\u00e1ljuk semmilyen egy\u00e9b m\u00e1sodlagos c\u00e9lra \u2013 \u00edgy a viselked\u00e9s nyomon k\u00f6vet\u00e9s\u00e9re vagy hozz\u00e1j\u00e1rul\u00e1s n\u00e9lk\u00fcli rekl\u00e1mra.<\/h3>\n<h3>1.3. felhaszn\u00e1l\u00f3k\u00f6zpont\u00fa biztons\u00e1gi cookie-k (\u201euser centric security cookies\u201d),<br \/>\nOlyan s\u00fctik, amelyeket a felhaszn\u00e1l\u00f3 \u00e1ltal kifejezetten k\u00e9rt szolg\u00e1ltat\u00e1s biztons\u00e1g\u00e1nak er\u0151s\u00edt\u00e9s\u00e9re vonatkoz\u00f3 konkr\u00e9t feladatokra terveztek. Ilyenek p\u00e9ld\u00e1ul azok a s\u00fctik, amelyeket a weboldalra t\u00f6rt\u00e9n\u0151 ism\u00e9telt sikertelen bejelentkez\u00e9si k\u00eds\u00e9rletek felder\u00edt\u00e9s\u00e9re haszn\u00e1lnak, vagy egy\u00e9b hasonl\u00f3 mechanizmusok, amelyeket a bejelentkez\u00e9si rendszer vissza\u00e9l\u00e9sekkel szemben v\u00e9delme c\u00e9lj\u00e1b\u00f3l alak\u00edtottak ki. B\u00e1r a bejelentkez\u00e9si s\u00fctiket rendszerint \u00fagy \u00e1ll\u00edtj\u00e1k be, hogy a munkamenet v\u00e9g\u00e9n (a b\u00f6ng\u00e9sz\u0151programb\u00f3l t\u00f6rt\u00e9n\u0151 kil\u00e9p\u00e9skor) lej\u00e1rjanak, a biztons\u00e1gi s\u00fctik v\u00e1rhat\u00f3 lej\u00e1rati ideje hosszabb, hogy el\u00e9rhess\u00e9k biztons\u00e1gi c\u00e9ljukat.<\/h3>\n<h3>1.4. multim\u00e9dia-lej\u00e1tsz\u00f3 munkamenet- cookie-k (\u201emultimedia player session cookie\u201d)<br \/>\nA multim\u00e9dia-lej\u00e1tsz\u00f3 munkamenet-s\u00fctiket a vide\u00f3 vagy audi\u00f3 tartalom visszaj\u00e1tsz\u00e1s\u00e1hoz sz\u00fcks\u00e9ges technikai adatok \u2013 \u00edgy a k\u00e9pmin\u0151s\u00e9g, a h\u00e1l\u00f3zati kapcsolat sebess\u00e9ge \u00e9s a pufferel\u00e9si param\u00e9terek \u2013 t\u00e1rol\u00e1s\u00e1ra haszn\u00e1ljuk. Ezek a s\u00fctik lej\u00e1rnak a munkamenet befejez\u0151d\u00e9sekor (a b\u00f6ng\u00e9sz\u0151programb\u00f3l t\u00f6rt\u00e9n\u0151 kil\u00e9p\u00e9skor).<\/h3>\n<h3>1.5. terhel\u00e9skiegyenl\u00edt\u0151 munkamenet- cookie-k (\u201eload balancing session cookies\u201d)<br \/>\nA terhel\u00e9skiegyenl\u00edt\u00e9s lehet\u0151v\u00e9 teszi, hogy egyetlen g\u00e9p helyet sok sz\u00e1m\u00edt\u00f3g\u00e9p k\u00f6z\u00f6tt ossz\u00e1k fel a webkiszolg\u00e1l\u00f3ra \u00e9rkez\u0151 k\u00e9r\u00e9sek feldolgoz\u00e1s\u00e1t. Ennek ir\u00e1ny\u00edt\u00e1s\u00e1t a munkamenet sor\u00e1n v\u00e9gig fent kell tartani, a s\u00fctibe foglalt inform\u00e1ci\u00f3k kiz\u00e1r\u00f3lagos c\u00e9lja a kommunik\u00e1ci\u00f3 szerver oldali v\u00e9gpontj\u00e1nak (a sz\u00e1m\u00edt\u00f3g\u00e9p-k\u00e9szletben l\u00e9v\u0151 kiszolg\u00e1l\u00f3k egyik\u00e9nek) azonos\u00edt\u00e1sa.<\/h3>\n<h3>1.6. a felhaszn\u00e1l\u00f3i fel\u00fclet testreszab\u00e1s\u00e1t seg\u00edt\u0151 munkamenet- cookie-k (\u201euser interface customization cookies\u201d)<br \/>\nA felhaszn\u00e1l\u00f3i fel\u00fclet testreszab\u00e1s\u00e1t seg\u00edt\u0151 s\u00fctiket arra haszn\u00e1ljuk, hogy weboldalakon kereszt\u00fcl t\u00e1roljuk a szolg\u00e1ltat\u00e1ssal kapcsolatos azon felhaszn\u00e1l\u00f3 preferenci\u00e1kat, amelyek nem kapcsol\u00f3dnak m\u00e1s \u00e1lland\u00f3 azonos\u00edt\u00f3khoz, \u00edgy p\u00e9ld\u00e1ul felhaszn\u00e1l\u00f3n\u00e9vhez. (P\u00e9ld\u00e1ul a k\u00edv\u00e1nt nyelvre vonatkoz\u00f3 s\u00fctik, a lek\u00e9rdez\u00e9sekkor a tal\u00e1latok k\u00edv\u00e1nt megjelen\u00edt\u00e9si form\u00e1j\u00e1ra vonatkoz\u00f3 s\u00fctik).<\/h3>\n<h3>1.7. K\u00f6z\u00f6ss\u00e9gi tartalommegoszt\u00f3 cookie-k<br \/>\nEzek teszik lehet\u0151v\u00e9, hogy a k\u00f6z\u00f6ss\u00e9gi h\u00e1l\u00f3zat felhaszn\u00e1l\u00f3i megoszthass\u00e1k az \u00e1ltaluk kedvelt tartalmakat az ismer\u0151seikkel. Ezek a s\u00fctik t\u00f6rl\u0151dnek, amikor a felhaszn\u00e1l\u00f3 \u201ekijelentkezik\u201d a k\u00f6z\u00f6ss\u00e9gi h\u00e1l\u00f3zati platformr\u00f3l, illetve lez\u00e1rja a b\u00f6ng\u00e9sz\u0151t.<\/h3>\n<h3>2. \u201eK\u00e9nyelmi szolg\u00e1ltat\u00e1sokhoz\u201d sz\u00fcks\u00e9ges cookie-k<br \/>\nAz ilyen c\u00e9lokkal rendelkez\u0151 s\u00fctik nem tekinthet\u0151k \u201efelt\u00e9tlen\u00fcl sz\u00fcks\u00e9gesnek\u201d a felhaszn\u00e1l\u00f3 \u00e1ltal kifejezetten k\u00e9rt szolg\u00e1ltat\u00e1sok ny\u00fajt\u00e1s\u00e1hoz, ez\u00e9rt k\u00fcl\u00f6n j\u00f3v\u00e1hagy\u00e1s sz\u00fcks\u00e9ges a haszn\u00e1latukhoz.<\/h3>\n<h3>2.1. K\u00f6z\u00f6ss\u00e9gi tartalommegoszt\u00f3 nyomon k\u00f6vet\u00e9si cookie-k<br \/>\nAmennyiben k\u00f6z\u00f6ss\u00e9gi h\u00e1l\u00f3zatok tagjai bejelentkezett \u00e1llapotban j\u00f3v\u00e1hagyt\u00e1k az adott k\u00f6z\u00f6ss\u00e9gi h\u00e1l\u00f3zat be\u00e1ll\u00edt\u00e1s\u00e1n\u00e1l a \u201ek\u00f6vet\u00e9st\u201d, p\u00e9ld\u00e1ul viselked\u00e9s-alap\u00fa rekl\u00e1mok megjelen\u00edt\u00e9s\u00e9hez.<\/h3>\n<h3>2.2. K\u00fcls\u0151 hirdet\u00e9s<br \/>\nIde tartoznak a k\u00fcls\u0151 m\u0171veleti cookie-k, amelyeket a rekl\u00e1mtev\u00e9kenys\u00e9g sor\u00e1n haszn\u00e1lnak, bele\u00e9rtve a gyakoris\u00e1g-maxim\u00e1l\u00e1s, a p\u00e9nz\u00fcgyi napl\u00f3z\u00e1s, a rekl\u00e1mpartners\u00e9g, a kattint\u00e1si csal\u00e1s felder\u00edt\u00e9se, a kutat\u00e1s, piacelemz\u00e9s, a term\u00e9kjav\u00edt\u00e1s \u00e9s hibakeres\u00e9s c\u00e9lj\u00e1b\u00f3l haszn\u00e1lt s\u00fctik.<\/h3>\n<h3>2.3. Saj\u00e1t l\u00e1togat\u00e1selemz\u0151k<br \/>\nA l\u00e1togat\u00e1selemz\u0151k a weboldalak l\u00e1togatotts\u00e1g\u00e1t m\u00e9r\u0151 statisztikai eszk\u00f6z\u00f6k, s\u00fctiket alkalmaznak. Arra haszn\u00e1ljuk ezeket az eszk\u00f6z\u00f6ket, hogy megbecs\u00fclj\u00fck az egyedi l\u00e1togat\u00f3k sz\u00e1m\u00e1t, azonos\u00edtsuk a keres\u0151motorokon leggyakrabban haszn\u00e1lt azon kulcsszavakat, amelyek az adott weboldalhoz vezetnek, illetve nyomon k\u00f6vess\u00fcnk egyes webnavig\u00e1ci\u00f3s k\u00e9rd\u00e9seket. Kiz\u00e1r\u00f3lag saj\u00e1t \u00f6sszes\u00edtett statisztik\u00e1kra vonatkoz\u00f3 c\u00e9lokat szolg\u00e1lnak, hogy web-oldalaink gyorsabban, pontosabban tudj\u00e1k kiszolg\u00e1lni a l\u00e1togat\u00f3i ig\u00e9nyeket.<\/h3>\n<h3>Adatkezel\u00e9s \u00e9s a cookie-k<br \/>\nWeboldalunkon [Technikailag \u00e9s \u201eK\u00e9nyelmi szolg\u00e1ltat\u00e1sokhoz\u201d sz\u00fcks\u00e9ges] cookie-kat helyezhet\u00fcnk el az \u00d6n b\u00f6ng\u00e9sz\u00e9sre haszn\u00e1lt eszk\u00f6z\u00e9n. A weboldal b\u00f6ng\u00e9sz\u00e9s\u00e9vel \u00d6n alap\u00e9rtelmezetten hozz\u00e1j\u00e1rul a cookie-k elhelyez\u00e9s\u00e9hez. Ezek a cookie-k az \u00d6n b\u00f6ng\u00e9sz\u00e9sre haszn\u00e1lt saj\u00e1t eszk\u00f6z\u00e9n ker\u00fclnek elhelyez\u00e9sre, \u00edgy \u00d6n az, aki teljes m\u00e9rt\u00e9kben rendelkezik felett\u00fck, \u00edgy van lehet\u0151s\u00e9ge t\u00f6r\u00f6lni \u00e9s visszavonni \u0151ket, illetve be\u00e1ll\u00edtani, hogy nem enged\u00e9lyezi a lehelyez\u00e9s\u00fcket. Ennek be\u00e1ll\u00edt\u00e1s\u00e1ra az al\u00e1bbi linkeken tal\u00e1l t\u00e1j\u00e9koztat\u00f3t:<\/h3>\n<h3>Chrome b\u00f6ng\u00e9sz\u0151<\/h3>\n<h3>Firefox b\u00f6ng\u00e9sz\u0151<\/h3>\n<h3>Internet Explorer b\u00f6ng\u00e9sz\u0151<\/h3>\n<h3>Safari b\u00f6ng\u00e9sz\u0151<\/h3>\n<h3>Edge b\u00f6ng\u00e9sz\u0151<\/h3>\n<h3>Az \u00d6n g\u00e9p\u00e9n elhelyezett cookie-k haszn\u00e1lata seg\u00edts\u00e9g\u00e9vel automatikusan r\u00f6gz\u00edt\u00e9sre ker\u00fclhet az \u00d6n l\u00e1togat\u00e1s\u00e1nak kezd\u0151 \u00e9s befejez\u0151 id\u0151pontja, az \u00d6n IP-c\u00edme, illetve egyes esetekben \u2013 az \u00d6n sz\u00e1m\u00edt\u00f3g\u00e9p\u00e9nek be\u00e1ll\u00edt\u00e1s\u00e1t\u00f3l f\u00fcgg\u0151en \u2013 a b\u00f6ng\u00e9sz\u0151, az oper\u00e1ci\u00f3s rendszer t\u00edpusa, nyelve, az \u00d6n eszk\u00f6z\u00e9nek param\u00e9terei, az \u00d6n \u00e1ltal a Weboldalunkon megadott be\u00e1ll\u00edt\u00e1sok, a megl\u00e1togatott aloldalak \u00e9s az azokon elt\u00f6lt\u00f6tt id\u0151. Az \u00fczemeltet\u0151 ezen adatokat nem kapcsolja \u00f6ssze \u00e9s nem is tudja \u00f6sszekapcsolni szem\u00e9lyes adatokkal, ezek megoszt\u00e1s\u00e1r\u00f3l \u00d6n d\u00f6nt a r\u00e9sz\u00fcnkre adott kifejezett felhatalmaz\u00e1s, valamint a b\u00f6ng\u00e9sz\u0151j\u00e9ben megadott cookie-be\u00e1ll\u00edt\u00e1sok sor\u00e1n.<\/h3>\n<h3>A cookie-k haszn\u00e1lata r\u00e9v\u00e9n a rendszer automatikusan statisztikai adatokat gener\u00e1l a l\u00e1togat\u00e1s id\u0151tartam\u00e1r\u00f3l, a megl\u00e1togatott oldalakr\u00f3l annak \u00e9rdek\u00e9ben, hogy a Weboldal szolg\u00e1ltat\u00e1sait az \u00fczemeltet\u0151 tov\u00e1bb tudja fejleszteni, optimaliz\u00e1lni, m\u00e9g ink\u00e1bb a felhaszn\u00e1l\u00f3 ig\u00e9nyeire szabni. Az \u00fczemeltet\u0151 a cookie-kat arra is felhaszn\u00e1lja, hogy a k\u00f6vetkez\u0151 l\u00e1togat\u00e1s sor\u00e1n az \u00d6n kor\u00e1bbi tev\u00e9kenys\u00e9g\u00e9vel \u00f6sszhangban l\u00e9v\u0151 tartalmat ny\u00fajtsa \u00d6nnek, automatikusan be tudja t\u00f6lteni annak saj\u00e1t be\u00e1ll\u00edt\u00e1sait, \u00edgy k\u00e9nyelmesebb\u00e9 t\u00e9ve a Weboldal haszn\u00e1lat\u00e1t.<\/h3>\n<h3>Cookie-k letilt\u00e1s\u00e1nak \u00e9s\/vagy elt\u00e1vol\u00edt\u00e1s\u00e1nak m\u00f3dja<br \/>\nB\u00f6ng\u00e9sz\u0151j\u00e9t be\u00e1ll\u00edthatja \u00fagy, hogy elfogadjon minden cookie-t, elutas\u00edtsa mindet, vagy \u00e9rtes\u00edtse \u00d6nt, ha cookie \u00e9rkezik az \u00d6n g\u00e9p\u00e9re. A be\u00e1ll\u00edt\u00e1si lehet\u0151s\u00e9gek \u00e1ltal\u00e1ban a b\u00f6ng\u00e9sz\u0151 \u201eOpci\u00f3k\u201d vagy \u201eBe\u00e1ll\u00edt\u00e1sok\u201d men\u00fcpontj\u00e1ban tal\u00e1lhat\u00f3k. A k\u00fcl\u00f6nb\u00f6z\u0151 b\u00f6ng\u00e9sz\u0151k k\u00fcl\u00f6nb\u00f6z\u0151 mechanizmusokat alkalmaznak a cookie-k elutas\u00edt\u00e1s\u00e1ra vagy inaktiv\u00e1l\u00e1s\u00e1ra. A megfelel\u0151 be\u00e1ll\u00edt\u00e1sokhoz k\u00e9rj\u00fck, haszn\u00e1lja b\u00f6ng\u00e9sz\u0151je \u201cS\u00fag\u00f3\u201d men\u00fcj\u00e9t.<\/h3>\n<h3>Felh\u00edvjuk figyelm\u00e9t, hogy a cookie-k letilt\u00e1sa eset\u00e9n a Weboldalt tov\u00e1bbra is fogja tudni haszn\u00e1lni, azonban annak bizonyos r\u00e9szei vagy funkci\u00f3i esetleg nem m\u0171k\u00f6dnek t\u00f6k\u00e9letesen a Weboldalon cookie-k n\u00e9lk\u00fcl.<\/h3>\n<h3>Az adatkezel\u00e9s id\u0151tartama<br \/>\nA session szint\u0171 cookie-k a Weboldalunk elhagy\u00e1sakor automatikusan t\u00f6rl\u0151dnek, ugyanakkor a [Technikailag \u00e9s \u201eK\u00e9nyelmi szolg\u00e1ltat\u00e1sokhoz\u201d sz\u00fcks\u00e9ges] cookie-k lej\u00e1rati ideje v\u00e1ltoz\u00f3, de jellemz\u0151en addig vannak jelen az \u00d6n eszk\u00f6z\u00e9n, ameddig azokat \u00d6n nem t\u00e1vol\u00edtja el.<\/h3>\n<h3>Az \u00fczemeltet\u0151 nem v\u00e1llal felel\u0151ss\u00e9get a m\u00e1r t\u00f6r\u00f6lt, de az internetes keres\u0151programok k\u00f6zrem\u0171k\u00f6d\u00e9s\u00e9vel m\u00e9gis archiv\u00e1l\u00e1sra ker\u00fclt, kor\u00e1bbi oldalai\u00e9rt. Ezek elt\u00e1vol\u00edt\u00e1s\u00e1r\u00f3l a keres\u0151oldal m\u0171k\u00f6dtet\u0151j\u00e9nek kell gondoskodni.<\/h3>\n<h3>Egy\u00e9b fontos tudnival\u00f3k<br \/>\nAmennyiben a Weboldallal kapcsolatos cookie-be\u00e1ll\u00edt\u00e1sain k\u00edv\u00e1n m\u00f3dos\u00edtani, esetleg azokat t\u00f6r\u00f6lni szeretn\u00e9, akkor azt \u2013 mivel a cookie-k az \u00d6n g\u00e9p\u00e9n \u00e9s nem a Weboldal \u00fczemeltet\u0151j\u00e9n\u00e9l ker\u00fclnek t\u00e1rol\u00e1sra \u2013 a web el\u00e9r\u00e9s\u00e9re haszn\u00e1lt b\u00f6ng\u00e9sz\u0151 be\u00e1ll\u00edt\u00e1sain\u00e1l teheti meg. Ezekr\u0151l az \u00d6n \u00e1ltal haszn\u00e1lt b\u00f6ng\u00e9sz\u0151 saj\u00e1t S\u00fag\u00f3j\u00e1ban kaphat tov\u00e1bbi t\u00e1j\u00e9koztat\u00e1st, \u00e9s seg\u00edts\u00e9g\u00e9vel m\u00f3dos\u00edthat kor\u00e1bbi cookie-be\u00e1ll\u00edt\u00e1sain, esetleg t\u00f6r\u00f6lheti a b\u00f6ng\u00e9sz\u00e9sre haszn\u00e1lt eszk\u00f6z\u00e9n a kor\u00e1bban az \u00fczemeltet\u0151 \u00e1ltal elhelyezett cookie-kat.<\/h3>\n<h3>Jog\u00e9rv\u00e9nyes\u00edt\u00e9si lehet\u0151s\u00e9gek<br \/>\nAmennyiben k\u00e9rd\u00e9se van a jelen Cookie t\u00e1j\u00e9koztat\u00f3val kapcsolatban, k\u00e9rj\u00fck keresse az \u00fczemeltet\u0151t a Weboldalon tal\u00e1lhat\u00f3 el\u00e9rhet\u0151s\u00e9geken.<\/h3>\n<h3>Amennyiben \u00fagy \u00e9rzi, hogy az \u00fczemeltet\u0151 megs\u00e9rtette a szem\u00e9lyes adatok v\u00e9delm\u00e9hez val\u00f3 jog\u00e1t, ig\u00e9ny\u00e9t polg\u00e1ri b\u00edr\u00f3s\u00e1g el\u0151tt \u00e9rv\u00e9nyes\u00edtheti, vagy k\u00e9rheti a Nemzeti Adatv\u00e9delmi \u00e9s Inform\u00e1ci\u00f3szabads\u00e1g Hat\u00f3s\u00e1g seg\u00edts\u00e9g\u00e9t is.<\/h3>\n<h3>A Nemzeti Adatv\u00e9delmi \u00e9s Inform\u00e1ci\u00f3szabads\u00e1g Hat\u00f3s\u00e1ghoz c\u00edmzett bejelent\u00e9ssel \u00d6n vizsg\u00e1latot kezdem\u00e9nyezhet arra hivatkoz\u00e1ssal, hogy szem\u00e9lyes adatai kezel\u00e9s\u00e9vel kapcsolatban jogs\u00e9relme k\u00f6vetkezett be, vagy annak k\u00f6zvetlen vesz\u00e9lye fenn\u00e1ll.<\/h3>\n<h3>Nemzeti Adatv\u00e9delmi \u00e9s Inform\u00e1ci\u00f3szabads\u00e1g Hat\u00f3s\u00e1g<br \/>\nSz\u00e9khely: 1024 Budapest, Szil\u00e1gyi Erzs\u00e9bet fasor 22\/C.<br \/>\nHonlap: http:\/\/www.naih.hu<\/h3>\n<h3>\u00d6n a jogainak megs\u00e9rt\u00e9se, valamint a tiltakoz\u00e1sa elutas\u00edt\u00e1sa eset\u00e9n az adatkezel\u0151 ellen b\u00edr\u00f3s\u00e1ghoz fordulhat. A b\u00edr\u00f3s\u00e1g az \u00fcgyben soron k\u00edv\u00fcl j\u00e1r el, a per elb\u00edr\u00e1l\u00e1sa a t\u00f6rv\u00e9nysz\u00e9k hat\u00e1sk\u00f6r\u00e9be tartozik.<\/h3>\n<h3>Kieg\u00e9sz\u00edt\u00e9s<br \/>\nAdatkezel\u00e9si Szab\u00e1lyzat elfogad\u00e1s\u00e1val elfogadja, hogy AD Solutions Kft. 1136 Budapest, T\u00e1tra u. 24. 1.em. 3. Asz: 11695057-2-41, mint \u00f6n\u00e1ll\u00f3 adatkezel\u0151 Adatkezel\u00e9si Szab\u00e1lyzat: http:\/\/globalonline.hu\/gdpr) \u2013a felhaszn\u00e1l\u00f3k k\u00f6vetkez\u0151 adatait l\u00e1tja \u00e9s kezeli a hirdet\u00e9sek optimaliz\u00e1l\u00e1s\u00e1ra, statisztik\u00e1k k\u00e9sz\u00edt\u00e9s\u00e9re, a hirdet\u0151i preferenci\u00e1k kiszolg\u00e1l\u00e1sa (adatkezel\u00e9si c\u00e9lok) \u00e9rdek\u00e9ben, illetve a honlaptulajdonos hirdet\u00e9si bev\u00e9teleinek optimaliz\u00e1l\u00e1sa c\u00e9lj\u00e1b\u00f3l: ID, oldall\u00e1togat\u00e1si szok\u00e1sok, viselked\u00e9si inform\u00e1ci\u00f3k, geo-lok\u00e1ci\u00f3, konverzi\u00f3s adatok, remarketing inform\u00e1ci\u00f3k.<\/h3>\n<h3>K\u00fcls\u0151 szolg\u00e1ltat\u00f3k<br \/>\nWeboldalunkon az Infinety Invest Korl\u00e1tolt Felel\u0151ss\u00e9g\u0171 T\u00e1rsas\u00e1g (sz\u00e9khelye: 1037 Budapest, Montevideo utca 3\/B.) (\u201eInfinety Invest\u201d) a k\u00fcls\u0151 hirdet\u00e9sekhez kapcsol\u00f3d\u00f3an k\u00f6zvetlen \u00fczletszerz\u00e9si c\u00e9lb\u00f3l s\u00fctiket helyez el a sz\u00e1m\u00edt\u00f3g\u00e9peden \u00e9s\/vagy mobil eszk\u00f6z\u00f6d\u00f6n, amelyeket az Infinety Invest harmadik szem\u00e9lyek r\u00e9sz\u00e9re, adat\u00e9rt\u00e9kes\u00edt\u00e9s vagy egy\u00e9b m\u00f3don t\u00f6rt\u00e9n\u0151 felhaszn\u00e1l\u00e1s c\u00e9lj\u00e1b\u00f3l tov\u00e1bb\u00edthat.<\/h3>\n<h3>Ezen harmadik szem\u00e9lyek az Infinety Investtel szerz\u0151d\u00e9ses kapcsolatban \u00e1ll\u00f3 hirdet\u0151k, \u00fcgyn\u00f6k\u00f6k, illetve egy\u00e9b \u00fczleti partnerek.<\/h3>\n<h3>Ezen cookie-k kezel\u00e9se tekintet\u00e9ben adatkezel\u0151nek az Infinety Invest min\u0151s\u00fcl.<\/h3>\n<h3>Az Infinety Invest \u00e1ltal elhelyezett s\u00fctikr\u0151l sz\u00f3l\u00f3 b\u0151vebb inform\u00e1ci\u00f3k\u00e9rt k\u00e9rj\u00fck, l\u00e1togass el ide:<br \/>\nhttps:\/\/infinety.hu\/upload\/files\/infinety_group_adatvedelem.pdf<\/h3>\n","protected":false},"excerpt":{"rendered":"<p>Mir\u0151l sz\u00f3l ez a T\u00e1j\u00e9koztat\u00f3? Mint minden weboldal, a https:\/\/focihirek.hu\/autok is haszn\u00e1l cookie-kat (a tov\u00e1bbiakban: \u201eWeboldal\u201d), hogy \u00d6nnek kellemesebb felhaszn\u00e1l\u00f3i&#8230; <span class=\"gridview-grid-post-read-more\"><a href=\"https:\/\/focihirek.hu\/autok\/cookie-tajekoztato\/\">read more<span class=\"gridview-sr-only\"> Cookie t\u00e1j\u00e9koztat\u00f3<\/span><\/a><\/span><\/p>\n","protected":false},"author":1,"featured_media":0,"parent":0,"menu_order":0,"comment_status":"closed","ping_status":"closed","template":"","meta":{"footnotes":""},"class_list":["post-60","page","type-page","status-publish","hentry"],"_links":{"self":[{"href":"https:\/\/focihirek.hu\/autok\/wp-json\/wp\/v2\/pages\/60","targetHints":{"allow":["GET"]}}],"collection":[{"href":"https:\/\/focihirek.hu\/autok\/wp-json\/wp\/v2\/pages"}],"about":[{"href":"https:\/\/focihirek.hu\/autok\/wp-json\/wp\/v2\/types\/page"}],"author":[{"embeddable":true,"href":"https:\/\/focihirek.hu\/autok\/wp-json\/wp\/v2\/users\/1"}],"replies":[{"embeddable":true,"href":"https:\/\/focihirek.hu\/autok\/wp-json\/wp\/v2\/comments?post=60"}],"version-history":[{"count":1,"href":"https:\/\/focihirek.hu\/autok\/wp-json\/wp\/v2\/pages\/60\/revisions"}],"predecessor-version":[{"id":61,"href":"https:\/\/focihirek.hu\/autok\/wp-json\/wp\/v2\/pages\/60\/revisions\/61"}],"wp:attachment":[{"href":"https:\/\/focihirek.hu\/autok\/wp-json\/wp\/v2\/media?parent=60"}],"curies":[{"name":"wp","href":"https:\/\/api.w.org\/{rel}","templated":true}]}}